{"id":33,"date":"2020-11-09T19:05:44","date_gmt":"2020-11-09T18:05:44","guid":{"rendered":"http:\/\/my-new-life.net\/datenschutzerklaerung\/"},"modified":"2022-04-26T16:28:02","modified_gmt":"2022-04-26T14:28:02","slug":"datenschutzerklaerung","status":"publish","type":"page","link":"https:\/\/my-new-life.net\/en\/datenschutzerklaerung\/","title":{"rendered":"Datenschutzerkl\u00e4rung"},"content":{"rendered":"<div data-elementor-type=\"wp-page\" data-elementor-id=\"33\" class=\"elementor elementor-33\" data-elementor-post-type=\"page\">\n\t\t\t\t\t\t<section class=\"elementor-section elementor-top-section elementor-element elementor-element-2bd6cc56 elementor-section-boxed elementor-section-height-default elementor-section-height-default\" data-id=\"2bd6cc56\" data-element_type=\"section\" data-e-type=\"section\">\n\t\t\t\t\t\t<div class=\"elementor-container elementor-column-gap-default\">\n\t\t\t\t\t<div class=\"elementor-column elementor-col-100 elementor-top-column elementor-element elementor-element-55e886e6\" data-id=\"55e886e6\" data-element_type=\"column\" data-e-type=\"column\">\n\t\t\t<div class=\"elementor-widget-wrap elementor-element-populated\">\n\t\t\t\t\t\t<div class=\"elementor-element elementor-element-57837642 elementor-widget elementor-widget-text-editor\" data-id=\"57837642\" data-element_type=\"widget\" data-e-type=\"widget\" data-widget_type=\"text-editor.default\">\n\t\t\t\t<div class=\"elementor-widget-container\">\n\t\t\t\t\t\t\t\t\t<h6 class=\"policy-text\">Betroffene Personen: Einzelne Kunden, Angestellte, Fachleute und Unternehmensvertreter.<br \/>Verarbeitung Welche Verarbeitungsvorg\u00e4nge f\u00fchren wir mit Ihren personenbezogenen Daten durch?<br \/>&#8211; In \u00dcbereinstimmung mit der Verordnung (EU) 2016\/679 und dem Organgesetz \u00fcber den Schutz personenbezogener Daten informieren wir Sie hiermit, dass Ihre personenbezogenen Daten einigen der folgenden Verarbeitungen unterzogen werden k\u00f6nnen<br \/>Pers\u00f6nlich informieren wir Sie dar\u00fcber, dass Ihre pers\u00f6nlichen Daten einigen der folgenden Verarbeitungen unterzogen werden k\u00f6nnen:<br \/>TR04 &#8211; Werbekampagnen (Rechtsgrundlage: Gesetz 34\/1988, vom 11. November, Allgemeines Werbegesetz).<br \/>TR08 &#8211; Einholung der Meinung der betroffenen Personen (Rechtsgrundlage: Datenschutzverordnung (EU) 2016\/679 und LOPD.<br \/>DATENSCHUTZGESETZ)<br \/>TR03 &#8211; Auswahl des eigenen Personals (Rechtsgrundlage: Real Decreto Legislativo 3\/2015, de 23 de octubre, por el que<br \/>der \u00fcberarbeitete Text des Besch\u00e4ftigungsgesetzes wird angenommen).<br \/>TG01 &#8211; Eigene F\u00fchrung der Buchhaltung und des Rechnungswesens, als Verantwortlicher (Rechtsgrundlage: Real Decreto 1514\/2007,<br \/>vom 16. November, die den General Accounting Plan regelt).<br \/>TG25 &#8211; Erhebung von Daten f\u00fcr die eigene Steuerverwaltung (Rechtsgrundlage: Ley 58\/2003, de 17 de diciembre, General Tributaria.<br \/>Steuergesetz 58\/2003 vom 17. Dezember).<br \/>TG12 &#8211; Eigene Arbeitsverwaltung: Datenerhebung (Rechtsgrundlage: Real Decreto Legislativo 1\/1994, de 20 de junio,<br \/>zur Genehmigung des Texto Refundido de la Ley General de la Seguridad Social (K\u00f6niglicher Gesetzeserlass 1\/1994 vom 20. Juni 1994 zur Genehmigung der konsolidierten Fassung des Allgemeinen Gesetzes \u00fcber die soziale Sicherheit).<br \/>TR09 &#8211; Sicherheit bei technischen und organisatorischen Ma\u00dfnahmen in der eingesetzten Software (Rechtsgrundlage: Reglamento<br \/>(EU) 2016\/679 zum Datenschutz und zur LOPD).<br \/>TE08 &#8211; Schutz personenbezogener Daten (Rechtsgrundlage: Verordnung (EU) 2016\/679 und Organgesetz 3\/2018).<br \/>TE02 &#8211; Pr\u00e4vention von Berufsrisiken (Rechtsgrundlage: Gesetz 31\/1995 vom 8. November \u00fcber die Pr\u00e4vention von Berufsrisiken).<br \/>Berufliche Risiken)<br \/>TE07 &#8211; Vernichtung von Dokumenten (Rechtsgrundlage: Reglamento (UE) 2016\/679)<br \/>TV01 &#8211; Verkauf \/ Erbringung von Dienstleistungen (Rechtsgrundlage: Handels- und Steuergesetzgebung)<br \/>TE03 &#8211; Transport- und\/oder Paketzustelldienste (Rechtsgrundlage: Real Decreto de 22 de agosto de 1885 por el que se publica el C\u00f3digo de Comercio del Estado de Comercio)<br \/>vom 22. August 1885, mit dem das Handelsgesetzbuch ver\u00f6ffentlicht wurde).<br \/>TR05 &#8211; Elektronische Post (Rechtsgrundlage: Handelsgesetzbuch und andere geltende Rechtsvorschriften).<br \/>TR01 &#8211; Erhaltene Auskunftsersuchen (Rechtsgrundlage: C\u00f3digo de Comercio und andere Handelsbestimmungen.<br \/>Kodex und andere Handelsbestimmungen)<br \/>TR07 &#8211; Management von Vorf\u00e4llen und\/oder Sicherheitsverletzungen (Rechtsgrundlage: Datenschutzverordnung (EU) 2016\/679 und LOPD.<br \/>Datenschutz und LOPD)<br \/>TE04 &#8211; Verwaltung der eigenen Rechtsangelegenheiten (Rechtsgrundlage: geltendes Handels- und Arbeitsrecht).<br \/>TE01 &#8211; Wartung von IT-Systemen (Rechtsgrundlage: Handelsgesetzbuch.)<br \/>Verantwortlich Wer sind wir?<br \/>&#8211; Wir sind f\u00fcr die Verarbeitung Ihrer Daten verantwortlich. Deshalb informieren wir ausdr\u00fccklich, pr\u00e4zise und unmissverst\u00e4ndlich<br \/>die betroffenen Personen und die zust\u00e4ndigen Stellen \u00fcber die folgenden Aspekte in Bezug auf die<br \/>f\u00fcr die Datenverarbeitung verantwortlich:<br \/>Zwecke Wof\u00fcr verwenden wir Ihre personenbezogenen Daten?<br \/>&#8211; In dieser Organisation d\u00fcrfen wir Ihre personenbezogenen Daten ausschlie\u00dflich zu den nachstehend genannten Zwecken verarbeiten.<br \/>Die Zwecke, f\u00fcr die wir Ihre personenbezogenen Daten verarbeiten k\u00f6nnen, sind folgende:<br \/>zu \u00fcberpr\u00fcfen, ob alle technischen Ma\u00dfnahmen, die f\u00fcr die korrekte Verwaltung personenbezogener Daten erforderlich sind, mit der eingesetzten Software durchgef\u00fchrt werden<br \/>von personenbezogenen Daten mit der eingesetzten Software.<br \/>Versenden von kommerziellen und\/oder werblichen Informationen per E-Mail.<br \/>Verwaltung von Informationsanfragen, die der Interessent \u00fcber unsere Produkte oder Dienstleistungen erh\u00e4lt.<br \/>Ausschlie\u00dfliches Management interner Vorf\u00e4lle, die in \u00dcbereinstimmung mit den Anforderungen der RGPD festgestellt wurden.<br \/>Durchf\u00fchrung von Werbekampagnen, um unsere Dienstleistungen und\/oder Produkte bekannt zu machen.<br \/>Einholung der Meinung der betroffenen Personen.<br \/>Einstellung von Personal zur Besetzung der erforderlichen freien Stellen.<br \/>Einhaltung aller im Gesetz zur Verh\u00fctung berufsbedingter Risiken festgelegten Anforderungen.<br \/>Versand von Paketen und Korrespondenz.<br \/>Behandlung aller rechtlichen Probleme, die das Unternehmen betreffen.<br \/>Verwaltung, Wartung und Reparatur von Computerspeichersystemen.<br \/>Ma\u00dfnahmen zur Durchf\u00fchrung des eigenen Arbeitsmanagements.<br \/>Eigene steuerliche und buchhalterische Verwaltung.<br \/>Einhaltung des Grundsatzes der Begrenzung der Aufbewahrungsfrist f\u00fcr personenbezogene Daten.<br \/>Einhaltung der Anforderungen der Verordnung (EU) 2016\/679 und des Organgesetzes 3\/2018.<br \/>Administrative Verwaltung von Privatkunden<br \/>DATENSCHUTZPOLITIK<br \/>RGPD-Datenschutzrichtlinie<br \/>1 von 3<\/h6><h6 class=\"policy-text\">HONYS, ROMAN<br \/>X7349682D<br \/>Calle Antonio Blanes, 6 Bajo<br \/>ART\u00c1<br \/>07570<br \/>ILLES BALEARS<br \/>galeria@artambient.com<br \/>HONYS, ROMAN<br \/>26\/04\/2022<\/h6><h6>Zur Durchf\u00fchrung des Verkaufs oder der Erbringung der vertraglich vereinbarten Dienstleistung.<br \/>&#8211; Auf der Grundlage der bereitgestellten oder erhaltenen Informationen kann ein Gesch\u00e4fts- oder Nutzerprofil erstellt werden. Sie ist ausdr\u00fccklich<br \/>ausdr\u00fccklich darauf hingewiesen, dass unter keinen Umst\u00e4nden Profile mit den Daten eines Minderj\u00e4hrigen erstellt werden.<br \/>&#8211; Die von Ihnen zur Verf\u00fcgung gestellten personenbezogenen Daten werden f\u00fcr die Dauer des Vertragsverh\u00e4ltnisses oder gegebenenfalls so lange aufbewahrt, wie Sie von Ihrem Auskunftsrecht keinen Gebrauch machen.<br \/>oder gegebenenfalls so lange, wie Sie von Ihrem Recht auf Widerspruch oder Widerruf Ihrer Einwilligung keinen Gebrauch machen. Zu diesem Zweck k\u00f6nnen Sie<br \/>wenden Sie sich an die entsprechende Rubrik auf unserer Website oder senden Sie eine E-Mail an die im Abschnitt \u00fcber den Verantwortlichen angegebene Adresse.<br \/>Abschnitt \u00fcber die verantwortliche Person.<br \/>Legitimit\u00e4t Warum verwenden wir sie? Wir sind berechtigt, Ihre personenbezogenen Daten aus den folgenden Gr\u00fcnden zu verarbeiten:<br \/>&#8211; Ihre eindeutige, informierte und ausdr\u00fcckliche Zustimmung in den F\u00e4llen, in denen sie gesetzlich vorgeschrieben ist,<br \/>ohne in jedem Fall den Entzug der gleichen Bedingungen die Durchf\u00fchrung einer anderen Verarbeitung, deren Legitimit\u00e4t anders ist, und ohne den Entzug der gleichen<br \/>ohne dass der Widerruf die Rechtm\u00e4\u00dfigkeit der Verarbeitung vor dem Widerruf ber\u00fchrt.<br \/>&#8211; Eine rechtliche Verpflichtung des f\u00fcr die Datenverarbeitung Verantwortlichen.<br \/>&#8211; Die Erf\u00fcllung des Vertrags \u00fcber die Erbringung von Dienstleistungen und\/oder den Kauf und Verkauf der betreffenden Produkte,<br \/>die Sie eingegangen sind.<br \/>&#8211; Die Rechtsgrundlage f\u00fcr die Verarbeitung Ihrer Daten ist ein berechtigtes Interesse des f\u00fcr die Verarbeitung Verantwortlichen. Dieses Interesse gr\u00fcndet sich auf<br \/>die vorherige Durchf\u00fchrung einer Verh\u00e4ltnism\u00e4\u00dfigkeits- oder Abw\u00e4gungspr\u00fcfung zwischen dem berechtigten Interesse des f\u00fcr die Datenverarbeitung Verantwortlichen und den Interessen, Rechten oder<br \/>Interessen oder Rechte und Freiheiten der betroffenen Personen. Diese Abw\u00e4gung umfasste eine Bewertung des Interesses, eine Bewertung der Auswirkungen der Verarbeitung auf die betroffenen Personen und eine Bewertung der Auswirkungen der Verarbeitung auf die betroffenen Personen.<br \/>die Bewertung der Auswirkungen der Verarbeitung auf die betroffenen Personen, das Gleichgewicht zwischen den beiden Konzepten und die Einf\u00fchrung zus\u00e4tzlicher Garantien.<br \/>Umsetzung zus\u00e4tzlicher Schutzma\u00dfnahmen. Da die endg\u00fcltige Abw\u00e4gung zu Gunsten des f\u00fcr die Verarbeitung Verantwortlichen ausf\u00e4llt, wird die Verarbeitung<br \/>im Einklang mit den geltenden Vorschriften zum Schutz personenbezogener Daten durchgef\u00fchrt werden k\u00f6nnen.<br \/>Bei Fragen oder Unklarheiten k\u00f6nnen Sie uns \u00fcber die E-Mail-Adresse kontaktieren, die im Abschnitt<br \/>die dem f\u00fcr die Datenverarbeitung Verantwortlichen entsprechen.<br \/>Empf\u00e4nger An wen d\u00fcrfen wir Ihre personenbezogenen Daten weitergeben?<br \/>&#8211; Ihre pers\u00f6nlichen Daten werden an die folgenden Unternehmen und Organisationen weitergegeben:<br \/>Finanzamt<br \/>Staatliche Arbeitsverwaltung<br \/>Allgemeines Schatzamt der Sozialversicherung<br \/>Nationale Datenschutzbeh\u00f6rde<br \/>Banken und Sparkassen<br \/>&#8211; Ihre pers\u00f6nlichen Daten werden nicht an ein Drittland oder eine internationale Organisation weitergegeben.<br \/>Quellen Welche Daten verarbeiten wir und wie haben wir sie erhalten?<br \/>&#8211; Ihre pers\u00f6nlichen Daten werden in den folgenden Dateien gespeichert, die der Organisation geh\u00f6ren:<br \/>FG01 Eigene Verwaltung der Buchhaltung<br \/>FG02 Eigenes Arbeitsmanagement<br \/>FG15 Eigene Steuerverwaltung. Datenerhebung<br \/>FE01 Wartung von Computern<br \/>FE02 Vorbeugung von Gefahren am Arbeitsplatz<br \/>FE03 Transport und Versand<br \/>FE04 Eigene Rechtsangelegenheiten<br \/>FR01 Erhaltene Informationsanfragen<br \/>FR03 Einstellung von eigenem Personal<br \/>FR04 Werbekampagnen<br \/>FR05-E-Mails<br \/>FR07 Management von Zwischenf\u00e4llen und\/oder Sicherheitsverst\u00f6\u00dfen<br \/>FR08 Einholung von Stakeholder-Feedback<br \/>FR09 Software- und Hardwaresicherheit<br \/>FE07 Vernichtung von Dokumenten<br \/>FE08 Schutz personenbezogener Daten<br \/>FP01 Kunden<br \/>&#8211; Die personenbezogenen Daten, die wir in unserer Organisation verarbeiten, stammen aus den folgenden Quellen:<br \/>Die betroffene Person selbst<br \/>Rechte Welche Rechte k\u00f6nnen Sie wahrnehmen?<\/h6><h6>&#8211; Wir garantieren Ihnen die Aus\u00fcbung Ihrer Rechte im Zusammenhang mit der Verarbeitung Ihrer personenbezogenen Daten.<br \/>pers\u00f6nliche Daten.<br \/>Insbesondere informieren wir Sie dar\u00fcber, dass Sie das Recht haben:<br \/>-eine Best\u00e4tigung dar\u00fcber zu erhalten, ob Ihre Daten verarbeitet werden.<br \/>-Ihr Recht auf Zugang zu den personenbezogenen Daten, die wir \u00fcber Sie gespeichert haben, aus\u00fcben, indem Sie Informationen \u00fcber den Zweck der Datenverarbeitung erhalten<br \/>die Zwecke der Verarbeitung, die Kategorie der verarbeiteten Daten, die m\u00f6glichen Empf\u00e4nger, die Dauer der Speicherung, die Herkunft der Daten und gegebenenfalls die<br \/>der Daten und ggf. Profiling oder automatisierte Entscheidungsfindung.<br \/>-Recht auf Berichtigung aus\u00fcben. Zu diesem Zweck m\u00f6chten wir Sie daran erinnern, dass die von uns gespeicherten personenbezogenen Daten stets eine wahrheitsgetreue Darstellung Ihrer personenbezogenen Daten sein m\u00fcssen.<br \/>m\u00fcssen immer ein getreues Abbild der Realit\u00e4t sein. Z\u00f6gern Sie also nicht, von Ihrem Recht Gebrauch zu machen, wenn Sie Informationen<br \/>wenn Daten ge\u00e4ndert, ge\u00e4ndert oder gel\u00f6scht werden. Sie garantieren, dass die pers\u00f6nlichen Daten, die Sie<br \/>Sie verpflichten sich, uns jede \u00c4nderung oder Modifikation derselben mitzuteilen, die Sie selbst zu verantworten haben.<br \/>Sie tragen die alleinige Verantwortung f\u00fcr alle Verluste oder Sch\u00e4den, die der verantwortlichen Partei oder einer dritten Partei entstehen.<br \/>gegen\u00fcber Dritten, die durch fehlerhafte, ungenaue oder unvollst\u00e4ndige Angaben verursacht wurden.<br \/>-Sie k\u00f6nnen aus Gr\u00fcnden, die sich aus Ihrer besonderen Situation ergeben, der Verarbeitung Ihrer Daten widersprechen; in diesem Fall<br \/>Sie haben das Recht, der Verarbeitung Ihrer Daten zu widersprechen. In diesem Fall wird unsere Organisation die Verarbeitung der Daten einstellen, es sei denn, es liegen berechtigte Gr\u00fcnde vor, dies nicht zu tun.<br \/>-die L\u00f6schung Ihrer personenbezogenen Daten zu verlangen, wenn sie unter anderem f\u00fcr die oben beschriebenen Zwecke nicht mehr erforderlich sind oder wenn sie f\u00fcr die oben beschriebenen Zwecke nicht mehr erforderlich sind.<br \/>die L\u00f6schung Ihrer personenbezogenen Daten zu verlangen, wenn sie unter anderem f\u00fcr die oben beschriebenen Zwecke nicht mehr erforderlich sind oder wir nicht mehr berechtigt sind, sie zu verarbeiten.<br \/>-die \u00dcbertragbarkeit Ihrer Daten zu verlangen, wenn die Verarbeitung mit automatisierten Mitteln erfolgt und vorausgesetzt, dass<br \/>Sie sind mit unserem Unternehmen auf der Grundlage eines unterzeichneten Vertrags verbunden oder Sie haben Ihre Zustimmung zu der durchgef\u00fchrten Verarbeitung gegeben.<br \/>Verarbeitung durchgef\u00fchrt. In solchen F\u00e4llen haben Sie das Recht, Ihre personenbezogenen Daten in einem strukturierten Format zu erhalten,<br \/>maschinenlesbares, strukturiertes Format zu \u00fcbermitteln oder, sofern technisch m\u00f6glich, direkt an einen anderen f\u00fcr die Verarbeitung Verantwortlichen zu \u00fcbermitteln.<br \/>technisch durchf\u00fchrbar.<br \/>-Unter bestimmten Umst\u00e4nden k\u00f6nnen Sie verlangen, dass wir die Verarbeitung Ihrer Daten einschr\u00e4nken. In diesem Fall werden wir Ihre Daten nur f\u00fcr die Zwecke der Aus\u00fcbung oder Verarbeitung Ihrer Rechte aufbewahren.<br \/>Unter bestimmten Umst\u00e4nden k\u00f6nnen Sie beantragen, dass wir die Verarbeitung Ihrer Daten einschr\u00e4nken; in diesem Fall werden wir sie nur zum Zweck der Verfolgung oder Abwehr von Anspr\u00fcchen speichern.<br \/>der automatisierten Entscheidungsfindung, einschlie\u00dflich Profiling, zu widersprechen.<br \/>Diese Rechte k\u00f6nnen, au\u00dfer in den gesetzlich vorgesehenen F\u00e4llen, durch einen von Ihnen unterzeichneten schriftlichen Antrag kostenlos ausge\u00fcbt werden, oder<br \/>schriftlich und von Ihnen oder gegebenenfalls von Ihrem Vertreter unterzeichnet an den f\u00fcr die Verarbeitung Verantwortlichen unter folgenden Anschriften zu richten<br \/>oder vor Ort in einer unserer Niederlassungen.<br \/>&#8211; Sie haben auch das Recht, eine Beschwerde einzureichen, entweder bei der spanischen Datenschutzbeh\u00f6rde<br \/>(auf der Website https:\/\/www.agpd.es\/) oder bei der zust\u00e4ndigen Aufsichtsbeh\u00f6rde.<br \/>&#8211; Sie k\u00f6nnen sich auch an die Gerichte wenden, um Schadenersatz zu erhalten.<br \/>&#8211; Schlie\u00dflich haben Sie das Recht, Ihre Zustimmung zu widerrufen, und zwar mit der gleichen Leichtigkeit, mit der Sie sie erteilt haben. Um dies zu tun,<br \/>k\u00f6nnen Sie unsere Website besuchen, auf der Sie die Informationen finden, die Sie ben\u00f6tigen, um die von Ihnen erteilte Genehmigung schnell und einfach zu widerrufen.<br \/>auf einfache Weise die Erlaubnis, die Sie uns zur Durchf\u00fchrung dieser Mitteilungen erteilt haben. Sie k\u00f6nnen auch eine E-Mail senden<br \/>an die in dem Abschnitt \u00fcber die verantwortliche Person angegebene Adresse.<br \/>&#8211; Wir informieren Sie auch dar\u00fcber, dass f\u00fcr jede Verarbeitung Ihrer personenbezogenen Daten die m\u00f6glichen Gefahren und Auswirkungen ermittelt werden, die auftreten k\u00f6nnen.<br \/>Bedrohungen und Auswirkungen, die sich daraus ergeben k\u00f6nnen, und die Abschw\u00e4chung oder Beseitigung des potenziellen Schadens, wenn m\u00f6glich, durch<br \/>durch die Anwendung der entsprechenden Sicherheitsma\u00dfnahmen, die regelm\u00e4\u00dfig auf ihre Wirksamkeit hin \u00fcberpr\u00fcft werden.<br \/>regelm\u00e4\u00dfig \u00fcberpr\u00fcft werden, um ihre Wirksamkeit zu bestimmen.<br \/>Unser Kontrollsystem erm\u00f6glicht es uns auch, die Grunds\u00e4tze der Datenverarbeitung einzuhalten, da wir in der Lage sind, Folgendes zu akkreditieren<br \/>der betroffenen Person, den Grundsatz der Beschr\u00e4nkung auf den Zweck der Verarbeitung, den Grundsatz der Beschr\u00e4nkung der Speicherdauer, den Grundsatz der Minimierung der Verwendung der Daten, den Grundsatz der<br \/>den Grundsatz der Datenminimierung sowie den Grundsatz der Integrit\u00e4t und Vertraulichkeit.<br \/>Schlie\u00dflich m\u00f6chten wir Sie auch dar\u00fcber informieren, dass Sie in regelm\u00e4\u00dfigen Abst\u00e4nden Umfragen erhalten werden, die es uns erm\u00f6glichen, Ihre Meinung zu erfahren<br \/>zu allen Vorschl\u00e4gen bez\u00fcglich der Verarbeitung Ihrer pers\u00f6nlichen Daten sowie zur Einhaltung des Grundsatzes der Datentransparenz und -richtigkeit.<br \/>Grundsatz der Transparenz und der Richtigkeit der verarbeiteten Daten.<br \/>Sollten Sie irgendwelche Zweifel oder Fragen haben, kontaktieren Sie uns bitte \u00fcber die im ersten Abschnitt angegebene E-Mail-Adresse.<br \/>Mit freundlichen Gr\u00fc\u00dfen,<br \/>Die Verantwortlichen.<\/h6><p>\u00a0<\/p><p>\u00a0<\/p>\t\t\t\t\t\t\t\t<\/div>\n\t\t\t\t<\/div>\n\t\t\t\t\t<\/div>\n\t\t<\/div>\n\t\t\t\t\t<\/div>\n\t\t<\/section>\n\t\t\t\t<\/div>","protected":false},"excerpt":{"rendered":"<p>Betroffene Personen: Einzelne Kunden, Angestellte, Fachleute und Unternehmensvertreter.Verarbeitung Welche Verarbeitungsvorg\u00e4nge f\u00fchren wir mit Ihren personenbezogenen Daten durch?&#8211; In \u00dcbereinstimmung mit der Verordnung (EU) 2016\/679 und dem Organgesetz \u00fcber den Schutz personenbezogener Daten informieren wir Sie hiermit, dass Ihre personenbezogenen Daten einigen der folgenden Verarbeitungen unterzogen werden k\u00f6nnenPers\u00f6nlich informieren wir Sie dar\u00fcber, dass Ihre pers\u00f6nlichen Daten [&hellip;]<\/p>\n","protected":false},"author":1,"featured_media":0,"parent":0,"menu_order":0,"comment_status":"closed","ping_status":"closed","template":"","meta":{"footnotes":""},"class_list":["post-33","page","type-page","status-publish","hentry"],"_links":{"self":[{"href":"https:\/\/my-new-life.net\/en\/wp-json\/wp\/v2\/pages\/33","targetHints":{"allow":["GET"]}}],"collection":[{"href":"https:\/\/my-new-life.net\/en\/wp-json\/wp\/v2\/pages"}],"about":[{"href":"https:\/\/my-new-life.net\/en\/wp-json\/wp\/v2\/types\/page"}],"author":[{"embeddable":true,"href":"https:\/\/my-new-life.net\/en\/wp-json\/wp\/v2\/users\/1"}],"replies":[{"embeddable":true,"href":"https:\/\/my-new-life.net\/en\/wp-json\/wp\/v2\/comments?post=33"}],"version-history":[{"count":10,"href":"https:\/\/my-new-life.net\/en\/wp-json\/wp\/v2\/pages\/33\/revisions"}],"predecessor-version":[{"id":9752,"href":"https:\/\/my-new-life.net\/en\/wp-json\/wp\/v2\/pages\/33\/revisions\/9752"}],"wp:attachment":[{"href":"https:\/\/my-new-life.net\/en\/wp-json\/wp\/v2\/media?parent=33"}],"curies":[{"name":"wp","href":"https:\/\/api.w.org\/{rel}","templated":true}]}}